{"id":6,"date":"2022-01-16T22:37:32","date_gmt":"2022-01-16T21:37:32","guid":{"rendered":"http:\/\/kmrozkowiak.tplinkdns.com\/bm\/?page_id=6"},"modified":"2026-04-08T15:51:23","modified_gmt":"2026-04-08T13:51:23","slug":"informacje","status":"publish","type":"page","link":"http:\/\/mrozkowiak.com.pl\/?page_id=6","title":{"rendered":""},"content":{"rendered":"\n<p class=\"has-text-align-center has-x-large-font-size\"><\/p>\n\n\n\n<p>Staramy si\u0119, w miar\u0119 przyst\u0119pnie, upublicznia\u0107 informacje o dzia\u0142ania bielskich samorz\u0105d\u00f3w. Oczywi\u015bcie te, do kt\u00f3rych mamy dost\u0119p.<\/p>\n\n\n\n<p>Zak\u0142adka AKTUALIZACJE zawiera wpisy uporz\u0105dkowane chronologicznie, zgodnie z czasem ich zamieszczania.<\/p>\n\n\n\n<p>Ze wzgl\u0119du na nagminne zamieszczanie przez automaty komentarzy pod wpisami zastosowali\u015bmy zasad\u0119, \u017ce pojawiaj\u0105 si\u0119 one dopiero po zaakceptowaniu przez administratora. Z regu\u0142y po kilku godzinach. Przepraszamy za utrudnienia, ale by\u0142a to konieczno\u015b\u0107.<\/p>\n\n\n\n<p class=\"has-medium-font-size\">Tekst pisany <a href=\"http:\/\/mrozkowiak.com.pl\/\" target=\"_blank\" rel=\"noreferrer noopener\">&#8222;<em><strong>kursyw\u0105<\/strong><\/em>&#8222;<\/a> zawiera link i przekierowuje do nagrania lub obrazu,<\/p>\n\n\n\n<p class=\"has-medium-font-size\"><\/p>\n\n\n\n<p><\/p>\n","protected":false},"excerpt":{"rendered":"<p>Staramy si\u0119, w miar\u0119 przyst\u0119pnie, upublicznia\u0107 informacje o dzia\u0142ania bielskich samorz\u0105d\u00f3w. Oczywi\u015bcie te, do kt\u00f3rych mamy dost\u0119p. Zak\u0142adka AKTUALIZACJE zawiera wpisy uporz\u0105dkowane chronologicznie, zgodnie z czasem ich zamieszczania. Ze wzgl\u0119du na nagminne zamieszczanie przez automaty komentarzy pod wpisami zastosowali\u015bmy zasad\u0119, \u017ce pojawiaj\u0105 si\u0119 one dopiero po zaakceptowaniu przez administratora. Z regu\u0142y po kilku godzinach. Przepraszamy [&hellip;]<\/p>\n","protected":false},"author":1,"featured_media":0,"parent":0,"menu_order":0,"comment_status":"closed","ping_status":"closed","template":"","meta":{"footnotes":""},"class_list":["post-6","page","type-page","status-publish","hentry"],"_links":{"self":[{"href":"http:\/\/mrozkowiak.com.pl\/index.php?rest_route=\/wp\/v2\/pages\/6","targetHints":{"allow":["GET"]}}],"collection":[{"href":"http:\/\/mrozkowiak.com.pl\/index.php?rest_route=\/wp\/v2\/pages"}],"about":[{"href":"http:\/\/mrozkowiak.com.pl\/index.php?rest_route=\/wp\/v2\/types\/page"}],"author":[{"embeddable":true,"href":"http:\/\/mrozkowiak.com.pl\/index.php?rest_route=\/wp\/v2\/users\/1"}],"replies":[{"embeddable":true,"href":"http:\/\/mrozkowiak.com.pl\/index.php?rest_route=%2Fwp%2Fv2%2Fcomments&post=6"}],"version-history":[{"count":33,"href":"http:\/\/mrozkowiak.com.pl\/index.php?rest_route=\/wp\/v2\/pages\/6\/revisions"}],"predecessor-version":[{"id":6975,"href":"http:\/\/mrozkowiak.com.pl\/index.php?rest_route=\/wp\/v2\/pages\/6\/revisions\/6975"}],"wp:attachment":[{"href":"http:\/\/mrozkowiak.com.pl\/index.php?rest_route=%2Fwp%2Fv2%2Fmedia&parent=6"}],"curies":[{"name":"wp","href":"https:\/\/api.w.org\/{rel}","templated":true}]}}